{"id":4247,"date":"2025-06-15T13:37:23","date_gmt":"2025-06-15T13:37:23","guid":{"rendered":"https:\/\/redmalaga.com\/?page_id=4247"},"modified":"2025-08-04T15:01:20","modified_gmt":"2025-08-04T15:01:20","slug":"blog","status":"publish","type":"page","link":"https:\/\/redmalaga.com\/en\/blog\/","title":{"rendered":"Blog"},"content":{"rendered":"<div data-elementor-type=\"wp-page\" data-elementor-id=\"4247\" class=\"elementor elementor-4247\" data-elementor-post-type=\"page\">\n\t\t\t\t\t\t<section class=\"elementor-section elementor-top-section elementor-element elementor-element-1484de1b elementor-section-boxed elementor-section-height-default elementor-section-height-default\" data-id=\"1484de1b\" data-element_type=\"section\" data-settings=\"{&quot;background_background&quot;:&quot;classic&quot;}\">\n\t\t\t\t\t\t\t<div class=\"elementor-background-overlay\"><\/div>\n\t\t\t\t\t\t\t<div class=\"elementor-container elementor-column-gap-default\">\n\t\t\t\t\t<div class=\"elementor-column elementor-col-100 elementor-top-column elementor-element elementor-element-4f49df71\" data-id=\"4f49df71\" data-element_type=\"column\">\n\t\t\t<div class=\"elementor-widget-wrap elementor-element-populated\">\n\t\t\t\t\t\t<div class=\"elementor-element elementor-element-338e0bac elementor-widget__width-initial elementor-widget elementor-widget-heading\" data-id=\"338e0bac\" data-element_type=\"widget\" data-widget_type=\"heading.default\">\n\t\t\t\t\t<h2 class=\"elementor-heading-title elementor-size-default\">Red M\u00e1laga<\/h2>\t\t\t\t<\/div>\n\t\t\t\t<div class=\"elementor-element elementor-element-7fa134a9 elementor-widget elementor-widget-heading\" data-id=\"7fa134a9\" data-element_type=\"widget\" data-widget_type=\"heading.default\">\n\t\t\t\t\t<h2 class=\"elementor-heading-title elementor-size-default\">Blog<\/h2>\t\t\t\t<\/div>\n\t\t\t\t\t<\/div>\n\t\t<\/div>\n\t\t\t\t\t<\/div>\n\t\t<\/section>\n\t\t<div class=\"elementor-element elementor-element-2336f84 e-flex e-con-boxed e-con e-parent\" data-id=\"2336f84\" data-element_type=\"container\">\n\t\t\t\t\t<div class=\"e-con-inner\">\n\t\t\t\t<div class=\"elementor-element elementor-element-7255c35 elementor-grid-3 elementor-grid-tablet-2 elementor-grid-mobile-1 elementor-posts--thumbnail-top elementor-card-shadow-yes elementor-posts__hover-gradient elementor-widget elementor-widget-posts\" data-id=\"7255c35\" data-element_type=\"widget\" data-settings=\"{&quot;cards_columns&quot;:&quot;3&quot;,&quot;cards_columns_tablet&quot;:&quot;2&quot;,&quot;cards_columns_mobile&quot;:&quot;1&quot;,&quot;cards_row_gap&quot;:{&quot;unit&quot;:&quot;px&quot;,&quot;size&quot;:35,&quot;sizes&quot;:[]},&quot;cards_row_gap_tablet&quot;:{&quot;unit&quot;:&quot;px&quot;,&quot;size&quot;:&quot;&quot;,&quot;sizes&quot;:[]},&quot;cards_row_gap_mobile&quot;:{&quot;unit&quot;:&quot;px&quot;,&quot;size&quot;:&quot;&quot;,&quot;sizes&quot;:[]}}\" data-widget_type=\"posts.cards\">\n\t\t\t\t<div class=\"elementor-widget-container\">\n\t\t\t\t\t\t\t<div class=\"elementor-posts-container elementor-posts elementor-posts--skin-cards elementor-grid\" role=\"list\">\n\t\t\t\t<article class=\"elementor-post elementor-grid-item post-4566 post type-post status-publish format-standard has-post-thumbnail hentry category-aerotermia tag-aerotermia\" role=\"listitem\">\n\t\t\t<div class=\"elementor-post__card\">\n\t\t\t\t<a class=\"elementor-post__thumbnail__link\" href=\"https:\/\/redmalaga.com\/en\/calefaccion-malaga-opciones-eficientes\/\" tabindex=\"-1\" ><div class=\"elementor-post__thumbnail\"><img fetchpriority=\"high\" decoding=\"async\" width=\"300\" height=\"200\" src=\"https:\/\/redmalaga.com\/wp-content\/uploads\/2025\/08\/salon-con-radiador-calefaccion-malaga-300x200.webp\" class=\"attachment-medium size-medium wp-image-4567 not-transparent\" alt=\"Sal\u00f3n con radiador encendido, calefacci\u00f3n eficiente en M\u00e1laga\" srcset=\"https:\/\/redmalaga.com\/wp-content\/uploads\/2025\/08\/salon-con-radiador-calefaccion-malaga-300x200.webp 300w, https:\/\/redmalaga.com\/wp-content\/uploads\/2025\/08\/salon-con-radiador-calefaccion-malaga-1024x683.webp 1024w, https:\/\/redmalaga.com\/wp-content\/uploads\/2025\/08\/salon-con-radiador-calefaccion-malaga-768x512.jpg 768w, https:\/\/redmalaga.com\/wp-content\/uploads\/2025\/08\/salon-con-radiador-calefaccion-malaga-18x12.jpg 18w, https:\/\/redmalaga.com\/wp-content\/uploads\/2025\/08\/salon-con-radiador-calefaccion-malaga.webp 1200w\" sizes=\"(max-width: 300px) 100vw, 300px\" data-has-transparency=\"false\" data-dominant-color=\"d9ceb9\" style=\"--dominant-color: #d9ceb9;\" \/><\/div><\/a>\n\t\t\t\t<div class=\"elementor-post__badge\">Aerothermal<\/div>\n\t\t\t\t<div class=\"elementor-post__text\">\n\t\t\t\t<h3 class=\"elementor-post__title\">\n\t\t\t<a href=\"https:\/\/redmalaga.com\/en\/calefaccion-malaga-opciones-eficientes\/\" >\n\t\t\t\tInstalaci\u00f3n de calefacci\u00f3n en M\u00e1laga: \u00bfrealmente merece la pena en un clima templado?\t\t\t<\/a>\n\t\t<\/h3>\n\t\t\t\t<div class=\"elementor-post__excerpt\">\n\t\t\t<p>\u00bfInstalar calefacci\u00f3n en M\u00e1laga? Pros y mejores sistemas En M\u00e1laga, hablar de calefacci\u00f3n puede parecer innecesario para quienes solo piensan<\/p>\n\t\t<\/div>\n\t\t\n\t\t<a class=\"elementor-post__read-more\" href=\"https:\/\/redmalaga.com\/en\/calefaccion-malaga-opciones-eficientes\/\" aria-label=\"Read more about Instalaci\u00f3n de calefacci\u00f3n en M\u00e1laga: \u00bfrealmente merece la pena en un clima templado?\" tabindex=\"-1\" >\n\t\t\tLeer m\u00e1s \u00bb\t\t<\/a>\n\n\t\t\t\t<\/div>\n\t\t\t\t\t<\/div>\n\t\t<\/article>\n\t\t\t\t<article class=\"elementor-post elementor-grid-item post-4410 post type-post status-publish format-standard has-post-thumbnail hentry category-aerotermia tag-aerotermia\" role=\"listitem\">\n\t\t\t<div class=\"elementor-post__card\">\n\t\t\t\t<a class=\"elementor-post__thumbnail__link\" href=\"https:\/\/redmalaga.com\/en\/mitos-verdades-aerotermia-malaga\/\" tabindex=\"-1\" ><div class=\"elementor-post__thumbnail\"><img decoding=\"async\" width=\"300\" height=\"214\" src=\"https:\/\/redmalaga.com\/wp-content\/uploads\/2025\/07\/aerotermia-malaga-bomba-de-calor-exterior-optimizada-300x214.jpg\" class=\"attachment-medium size-medium wp-image-4433\" alt=\"Bomba de calor aerot\u00e9rmica instalada en un negocio eficiente en M\u00e1laga\" srcset=\"https:\/\/redmalaga.com\/wp-content\/uploads\/2025\/07\/aerotermia-malaga-bomba-de-calor-exterior-optimizada-300x214.jpg 300w, https:\/\/redmalaga.com\/wp-content\/uploads\/2025\/07\/aerotermia-malaga-bomba-de-calor-exterior-optimizada-1024x731.jpg 1024w, https:\/\/redmalaga.com\/wp-content\/uploads\/2025\/07\/aerotermia-malaga-bomba-de-calor-exterior-optimizada-768x549.jpg 768w, https:\/\/redmalaga.com\/wp-content\/uploads\/2025\/07\/aerotermia-malaga-bomba-de-calor-exterior-optimizada-1536x1097.jpg 1536w, https:\/\/redmalaga.com\/wp-content\/uploads\/2025\/07\/aerotermia-malaga-bomba-de-calor-exterior-optimizada-18x12.jpg 18w, https:\/\/redmalaga.com\/wp-content\/uploads\/2025\/07\/aerotermia-malaga-bomba-de-calor-exterior-optimizada.jpg 2047w\" sizes=\"(max-width: 300px) 100vw, 300px\" \/><\/div><\/a>\n\t\t\t\t<div class=\"elementor-post__badge\">Aerothermal<\/div>\n\t\t\t\t<div class=\"elementor-post__text\">\n\t\t\t\t<h3 class=\"elementor-post__title\">\n\t\t\t<a href=\"https:\/\/redmalaga.com\/en\/mitos-verdades-aerotermia-malaga\/\" >\n\t\t\t\tMitos y verdades sobre la aerotermia: desmontamos falsas creencias en M\u00e1laga\u00a0\t\t\t<\/a>\n\t\t<\/h3>\n\t\t\t\t<div class=\"elementor-post__excerpt\">\n\t\t\t<p>Mitos y verdades sobre la aerotermia: desmontamos falsas creencias en M\u00e1laga La aerotermia se ha convertido en una de las<\/p>\n\t\t<\/div>\n\t\t\n\t\t<a class=\"elementor-post__read-more\" href=\"https:\/\/redmalaga.com\/en\/mitos-verdades-aerotermia-malaga\/\" aria-label=\"Read more about Mitos y verdades sobre la aerotermia: desmontamos falsas creencias en M\u00e1laga\u00a0\" tabindex=\"-1\" >\n\t\t\tLeer m\u00e1s \u00bb\t\t<\/a>\n\n\t\t\t\t<\/div>\n\t\t\t\t\t<\/div>\n\t\t<\/article>\n\t\t\t\t<article class=\"elementor-post elementor-grid-item post-4405 post type-post status-publish format-standard has-post-thumbnail hentry category-climatizacion tag-climatizacion\" role=\"listitem\">\n\t\t\t<div class=\"elementor-post__card\">\n\t\t\t\t<a class=\"elementor-post__thumbnail__link\" href=\"https:\/\/redmalaga.com\/en\/ventilacion-eficiente-locales-comerciales-malaga\/\" tabindex=\"-1\" ><div class=\"elementor-post__thumbnail\"><img decoding=\"async\" width=\"300\" height=\"200\" src=\"https:\/\/redmalaga.com\/wp-content\/uploads\/2025\/07\/ventilacion-comercial-techo-industrial-malaga-300x200.jpg\" class=\"attachment-medium size-medium wp-image-4407\" alt=\"Sistema de ventilaci\u00f3n eficiente en el techo de un local comercial de M\u00e1laga con conductos vistos y difusores.\" srcset=\"https:\/\/redmalaga.com\/wp-content\/uploads\/2025\/07\/ventilacion-comercial-techo-industrial-malaga-300x200.jpg 300w, https:\/\/redmalaga.com\/wp-content\/uploads\/2025\/07\/ventilacion-comercial-techo-industrial-malaga-1024x683.jpg 1024w, https:\/\/redmalaga.com\/wp-content\/uploads\/2025\/07\/ventilacion-comercial-techo-industrial-malaga-768x512.jpg 768w, https:\/\/redmalaga.com\/wp-content\/uploads\/2025\/07\/ventilacion-comercial-techo-industrial-malaga-1536x1024.jpg 1536w, https:\/\/redmalaga.com\/wp-content\/uploads\/2025\/07\/ventilacion-comercial-techo-industrial-malaga-18x12.jpg 18w, https:\/\/redmalaga.com\/wp-content\/uploads\/2025\/07\/ventilacion-comercial-techo-industrial-malaga.jpg 2048w\" sizes=\"(max-width: 300px) 100vw, 300px\" \/><\/div><\/a>\n\t\t\t\t<div class=\"elementor-post__badge\">Air conditioning<\/div>\n\t\t\t\t<div class=\"elementor-post__text\">\n\t\t\t\t<h3 class=\"elementor-post__title\">\n\t\t\t<a href=\"https:\/\/redmalaga.com\/en\/ventilacion-eficiente-locales-comerciales-malaga\/\" >\n\t\t\t\tC\u00f3mo elegir un sistema de ventilaci\u00f3n eficiente para locales comerciales en M\u00e1laga\u00a0\t\t\t<\/a>\n\t\t<\/h3>\n\t\t\t\t<div class=\"elementor-post__excerpt\">\n\t\t\t<p>C\u00f3mo elegir un sistema de ventilaci\u00f3n eficiente para locales comerciales en M\u00e1laga En M\u00e1laga, una ciudad costera caracterizada por sus<\/p>\n\t\t<\/div>\n\t\t\n\t\t<a class=\"elementor-post__read-more\" href=\"https:\/\/redmalaga.com\/en\/ventilacion-eficiente-locales-comerciales-malaga\/\" aria-label=\"Read more about C\u00f3mo elegir un sistema de ventilaci\u00f3n eficiente para locales comerciales en M\u00e1laga\u00a0\" tabindex=\"-1\" >\n\t\t\tLeer m\u00e1s \u00bb\t\t<\/a>\n\n\t\t\t\t<\/div>\n\t\t\t\t\t<\/div>\n\t\t<\/article>\n\t\t\t\t<article class=\"elementor-post elementor-grid-item post-4396 post type-post status-publish format-standard has-post-thumbnail hentry category-zonificacion tag-zonificacion\" role=\"listitem\">\n\t\t\t<div class=\"elementor-post__card\">\n\t\t\t\t<a class=\"elementor-post__thumbnail__link\" href=\"https:\/\/redmalaga.com\/en\/climatizacion-conductos-zonificacion-malaga\/\" tabindex=\"-1\" ><div class=\"elementor-post__thumbnail\"><img loading=\"lazy\" decoding=\"async\" width=\"300\" height=\"150\" src=\"https:\/\/redmalaga.com\/wp-content\/uploads\/2025\/07\/control-domotico-climatizacion-zonificacion-malaga.jpg-300x150.png\" class=\"attachment-medium size-medium wp-image-4397\" alt=\"Dispositivo de control dom\u00f3tico para climatizaci\u00f3n por zonas en vivienda de M\u00e1laga al atardecer\" srcset=\"https:\/\/redmalaga.com\/wp-content\/uploads\/2025\/07\/control-domotico-climatizacion-zonificacion-malaga.jpg-300x150.png 300w, https:\/\/redmalaga.com\/wp-content\/uploads\/2025\/07\/control-domotico-climatizacion-zonificacion-malaga.jpg-1024x512.png 1024w, https:\/\/redmalaga.com\/wp-content\/uploads\/2025\/07\/control-domotico-climatizacion-zonificacion-malaga.jpg-768x384.png 768w, https:\/\/redmalaga.com\/wp-content\/uploads\/2025\/07\/control-domotico-climatizacion-zonificacion-malaga.jpg-18x9.png 18w, https:\/\/redmalaga.com\/wp-content\/uploads\/2025\/07\/control-domotico-climatizacion-zonificacion-malaga.jpg.png 1408w\" sizes=\"(max-width: 300px) 100vw, 300px\" \/><\/div><\/a>\n\t\t\t\t<div class=\"elementor-post__badge\">Zonificaci\u00f3n<\/div>\n\t\t\t\t<div class=\"elementor-post__text\">\n\t\t\t\t<h3 class=\"elementor-post__title\">\n\t\t\t<a href=\"https:\/\/redmalaga.com\/en\/climatizacion-conductos-zonificacion-malaga\/\" >\n\t\t\t\tClimatizaci\u00f3n por conductos en M\u00e1laga: C\u00f3mo funciona la zonificaci\u00f3n inteligente en chalets de alto confort (Gu\u00eda 2025)\t\t\t<\/a>\n\t\t<\/h3>\n\t\t\t\t<div class=\"elementor-post__excerpt\">\n\t\t\t<p>Climatizaci\u00f3n por conductos en M\u00e1laga: C\u00f3mo funciona la zonificaci\u00f3n inteligente en chalets de alto confort (Gu\u00eda 2025) La climatizaci\u00f3n por<\/p>\n\t\t<\/div>\n\t\t\n\t\t<a class=\"elementor-post__read-more\" href=\"https:\/\/redmalaga.com\/en\/climatizacion-conductos-zonificacion-malaga\/\" aria-label=\"Read more about Climatizaci\u00f3n por conductos en M\u00e1laga: C\u00f3mo funciona la zonificaci\u00f3n inteligente en chalets de alto confort (Gu\u00eda 2025)\" tabindex=\"-1\" >\n\t\t\tLeer m\u00e1s \u00bb\t\t<\/a>\n\n\t\t\t\t<\/div>\n\t\t\t\t\t<\/div>\n\t\t<\/article>\n\t\t\t\t<article class=\"elementor-post elementor-grid-item post-4384 post type-post status-publish format-standard has-post-thumbnail hentry category-fontaneria category-saneamiento tag-fontaneria tag-sanamiento\" role=\"listitem\">\n\t\t\t<div class=\"elementor-post__card\">\n\t\t\t\t<a class=\"elementor-post__thumbnail__link\" href=\"https:\/\/redmalaga.com\/en\/fontaneria-sostenible-malaga\/\" tabindex=\"-1\" ><div class=\"elementor-post__thumbnail\"><img loading=\"lazy\" decoding=\"async\" width=\"300\" height=\"200\" src=\"https:\/\/redmalaga.com\/wp-content\/uploads\/2025\/06\/un-hombre-instala-un-sistema-de-calefaccion-en-una-casa-y-comprueba-las-tuberias-con-una-llave-inglesa-300x200.jpg\" class=\"attachment-medium size-medium wp-image-4254\" alt=\"Fontaneria y saneamiento\" srcset=\"https:\/\/redmalaga.com\/wp-content\/uploads\/2025\/06\/un-hombre-instala-un-sistema-de-calefaccion-en-una-casa-y-comprueba-las-tuberias-con-una-llave-inglesa-300x200.jpg 300w, https:\/\/redmalaga.com\/wp-content\/uploads\/2025\/06\/un-hombre-instala-un-sistema-de-calefaccion-en-una-casa-y-comprueba-las-tuberias-con-una-llave-inglesa-1024x683.jpg 1024w, https:\/\/redmalaga.com\/wp-content\/uploads\/2025\/06\/un-hombre-instala-un-sistema-de-calefaccion-en-una-casa-y-comprueba-las-tuberias-con-una-llave-inglesa-768x512.jpg 768w, https:\/\/redmalaga.com\/wp-content\/uploads\/2025\/06\/un-hombre-instala-un-sistema-de-calefaccion-en-una-casa-y-comprueba-las-tuberias-con-una-llave-inglesa-1536x1024.jpg 1536w, https:\/\/redmalaga.com\/wp-content\/uploads\/2025\/06\/un-hombre-instala-un-sistema-de-calefaccion-en-una-casa-y-comprueba-las-tuberias-con-una-llave-inglesa-2048x1365.jpg 2048w, https:\/\/redmalaga.com\/wp-content\/uploads\/2025\/06\/un-hombre-instala-un-sistema-de-calefaccion-en-una-casa-y-comprueba-las-tuberias-con-una-llave-inglesa-18x12.jpg 18w\" sizes=\"(max-width: 300px) 100vw, 300px\" \/><\/div><\/a>\n\t\t\t\t<div class=\"elementor-post__badge\">Fontaneria<\/div>\n\t\t\t\t<div class=\"elementor-post__text\">\n\t\t\t\t<h3 class=\"elementor-post__title\">\n\t\t\t<a href=\"https:\/\/redmalaga.com\/en\/fontaneria-sostenible-malaga\/\" >\n\t\t\t\tFontaner\u00eda sostenible en M\u00e1laga: c\u00f3mo evitar fugas, ahorrar agua y mejorar la calidad del sistema hidr\u00e1ulico de tu vivienda\t\t\t<\/a>\n\t\t<\/h3>\n\t\t\t\t<div class=\"elementor-post__excerpt\">\n\t\t\t<p>Fontaner\u00eda sostenible en M\u00e1laga: c\u00f3mo evitar fugas, ahorrar agua y mejorar la calidad del sistema hidr\u00e1ulico de tu vivienda La<\/p>\n\t\t<\/div>\n\t\t\n\t\t<a class=\"elementor-post__read-more\" href=\"https:\/\/redmalaga.com\/en\/fontaneria-sostenible-malaga\/\" aria-label=\"Read more about Fontaner\u00eda sostenible en M\u00e1laga: c\u00f3mo evitar fugas, ahorrar agua y mejorar la calidad del sistema hidr\u00e1ulico de tu vivienda\" tabindex=\"-1\" >\n\t\t\tLeer m\u00e1s \u00bb\t\t<\/a>\n\n\t\t\t\t<\/div>\n\t\t\t\t\t<\/div>\n\t\t<\/article>\n\t\t\t\t<article class=\"elementor-post elementor-grid-item post-4279 post type-post status-publish format-standard has-post-thumbnail hentry category-climatizacion tag-fontaneria tag-sanamiento\" role=\"listitem\">\n\t\t\t<div class=\"elementor-post__card\">\n\t\t\t\t<a class=\"elementor-post__thumbnail__link\" href=\"https:\/\/redmalaga.com\/en\/climatizacion-eficiente-aire-acondicionado\/\" tabindex=\"-1\" ><div class=\"elementor-post__thumbnail\"><img loading=\"lazy\" decoding=\"async\" width=\"300\" height=\"200\" src=\"https:\/\/redmalaga.com\/wp-content\/uploads\/2025\/06\/hombres-que-trabajan-con-equipo-full-shot-300x200.jpg\" class=\"attachment-medium size-medium wp-image-4281\" alt=\"aire acondicionado split\" srcset=\"https:\/\/redmalaga.com\/wp-content\/uploads\/2025\/06\/hombres-que-trabajan-con-equipo-full-shot-300x200.jpg 300w, https:\/\/redmalaga.com\/wp-content\/uploads\/2025\/06\/hombres-que-trabajan-con-equipo-full-shot-1024x683.jpg 1024w, https:\/\/redmalaga.com\/wp-content\/uploads\/2025\/06\/hombres-que-trabajan-con-equipo-full-shot-768x512.jpg 768w, https:\/\/redmalaga.com\/wp-content\/uploads\/2025\/06\/hombres-que-trabajan-con-equipo-full-shot-1536x1024.jpg 1536w, https:\/\/redmalaga.com\/wp-content\/uploads\/2025\/06\/hombres-que-trabajan-con-equipo-full-shot-2048x1365.jpg 2048w, https:\/\/redmalaga.com\/wp-content\/uploads\/2025\/06\/hombres-que-trabajan-con-equipo-full-shot-18x12.jpg 18w\" sizes=\"(max-width: 300px) 100vw, 300px\" \/><\/div><\/a>\n\t\t\t\t<div class=\"elementor-post__badge\">Air conditioning<\/div>\n\t\t\t\t<div class=\"elementor-post__text\">\n\t\t\t\t<h3 class=\"elementor-post__title\">\n\t\t\t<a href=\"https:\/\/redmalaga.com\/en\/climatizacion-eficiente-aire-acondicionado\/\" >\n\t\t\t\tClimatizaci\u00f3n eficiente: Aire acondicionado\t\t\t<\/a>\n\t\t<\/h3>\n\t\t\t\t<div class=\"elementor-post__excerpt\">\n\t\t\t<p>Climatizaci\u00f3n eficiente para tu hogar o empresa: aire acondicionado split y bombas de calor | Red M\u00e1laga Instalaciones En un<\/p>\n\t\t<\/div>\n\t\t\n\t\t<a class=\"elementor-post__read-more\" href=\"https:\/\/redmalaga.com\/en\/climatizacion-eficiente-aire-acondicionado\/\" aria-label=\"Read more about Climatizaci\u00f3n eficiente: Aire acondicionado\" tabindex=\"-1\" >\n\t\t\tLeer m\u00e1s \u00bb\t\t<\/a>\n\n\t\t\t\t<\/div>\n\t\t\t\t\t<\/div>\n\t\t<\/article>\n\t\t\t\t<\/div>\n\t\t\n\t\t\t\t\t\t<\/div>\n\t\t\t\t<\/div>\n\t\t\t\t\t<\/div>\n\t\t\t\t<\/div>\n\t\t\t\t<\/div>","protected":false},"excerpt":{"rendered":"<p>Red M\u00e1laga Blog<\/p>","protected":false},"author":1,"featured_media":0,"parent":0,"menu_order":0,"comment_status":"closed","ping_status":"closed","template":"elementor_header_footer","meta":{"site-sidebar-layout":"default","site-content-layout":"","ast-site-content-layout":"full-width-container","site-content-style":"default","site-sidebar-style":"default","ast-global-header-display":"","ast-banner-title-visibility":"","ast-main-header-display":"","ast-hfb-above-header-display":"","ast-hfb-below-header-display":"","ast-hfb-mobile-header-display":"","site-post-title":"","ast-breadcrumbs-content":"","ast-featured-img":"","footer-sml-layout":"","theme-transparent-header-meta":"","adv-header-id-meta":"","stick-header-meta":"","header-above-stick-meta":"","header-main-stick-meta":"","header-below-stick-meta":"","astra-migrate-meta-layouts":"default","ast-page-background-enabled":"default","ast-page-background-meta":{"desktop":{"background-color":"var(--ast-global-color-4)","background-image":"","background-repeat":"repeat","background-position":"center center","background-size":"auto","background-attachment":"scroll","background-type":"","background-media":"","overlay-type":"","overlay-color":"","overlay-opacity":"","overlay-gradient":""},"tablet":{"background-color":"","background-image":"","background-repeat":"repeat","background-position":"center center","background-size":"auto","background-attachment":"scroll","background-type":"","background-media":"","overlay-type":"","overlay-color":"","overlay-opacity":"","overlay-gradient":""},"mobile":{"background-color":"","background-image":"","background-repeat":"repeat","background-position":"center center","background-size":"auto","background-attachment":"scroll","background-type":"","background-media":"","overlay-type":"","overlay-color":"","overlay-opacity":"","overlay-gradient":""}},"ast-content-background-meta":{"desktop":{"background-color":"var(--ast-global-color-5)","background-image":"","background-repeat":"repeat","background-position":"center center","background-size":"auto","background-attachment":"scroll","background-type":"","background-media":"","overlay-type":"","overlay-color":"","overlay-opacity":"","overlay-gradient":""},"tablet":{"background-color":"var(--ast-global-color-5)","background-image":"","background-repeat":"repeat","background-position":"center center","background-size":"auto","background-attachment":"scroll","background-type":"","background-media":"","overlay-type":"","overlay-color":"","overlay-opacity":"","overlay-gradient":""},"mobile":{"background-color":"var(--ast-global-color-5)","background-image":"","background-repeat":"repeat","background-position":"center center","background-size":"auto","background-attachment":"scroll","background-type":"","background-media":"","overlay-type":"","overlay-color":"","overlay-opacity":"","overlay-gradient":""}},"footnotes":""},"class_list":["post-4247","page","type-page","status-publish","hentry"],"yoast_head":"<!-- This site is optimized with the Yoast SEO plugin v25.5 - https:\/\/yoast.com\/wordpress\/plugins\/seo\/ -->\n<title>Blog - Red M\u00e1laga<\/title>\n<meta name=\"robots\" content=\"index, follow, max-snippet:-1, max-image-preview:large, max-video-preview:-1\" \/>\n<link rel=\"canonical\" href=\"https:\/\/www.redmalaga.com.dream.website\/en\/blog\/\" \/>\n<meta property=\"og:locale\" content=\"en_GB\" \/>\n<meta property=\"og:type\" content=\"article\" \/>\n<meta property=\"og:title\" content=\"Blog - Red M\u00e1laga\" \/>\n<meta property=\"og:description\" content=\"Red M\u00e1laga Blog\" \/>\n<meta property=\"og:url\" content=\"https:\/\/www.redmalaga.com.dream.website\/en\/blog\/\" \/>\n<meta property=\"og:site_name\" content=\"Red M\u00e1laga\" \/>\n<meta property=\"article:modified_time\" content=\"2025-08-04T15:01:20+00:00\" \/>\n<meta name=\"twitter:card\" content=\"summary_large_image\" \/>\n<meta name=\"twitter:label1\" content=\"Estimated reading time\" \/>\n\t<meta name=\"twitter:data1\" content=\"5 minutes\" \/>\n<script type=\"application\/ld+json\" class=\"yoast-schema-graph\">{\"@context\":\"https:\/\/schema.org\",\"@graph\":[{\"@type\":\"WebPage\",\"@id\":\"https:\/\/www.redmalaga.com.dream.website\/en\/blog\/\",\"url\":\"https:\/\/www.redmalaga.com.dream.website\/en\/blog\/\",\"name\":\"Blog - Red M\u00e1laga\",\"isPartOf\":{\"@id\":\"https:\/\/redmalaga.com\/#website\"},\"datePublished\":\"2025-06-15T13:37:23+00:00\",\"dateModified\":\"2025-08-04T15:01:20+00:00\",\"breadcrumb\":{\"@id\":\"https:\/\/www.redmalaga.com.dream.website\/en\/blog\/#breadcrumb\"},\"inLanguage\":\"en-GB\",\"potentialAction\":[{\"@type\":\"ReadAction\",\"target\":[\"https:\/\/www.redmalaga.com.dream.website\/en\/blog\/\"]}]},{\"@type\":\"BreadcrumbList\",\"@id\":\"https:\/\/www.redmalaga.com.dream.website\/en\/blog\/#breadcrumb\",\"itemListElement\":[{\"@type\":\"ListItem\",\"position\":1,\"name\":\"Portada\",\"item\":\"https:\/\/redmalaga.com\/\"},{\"@type\":\"ListItem\",\"position\":2,\"name\":\"Blog\"}]},{\"@type\":\"WebSite\",\"@id\":\"https:\/\/redmalaga.com\/#website\",\"url\":\"https:\/\/redmalaga.com\/\",\"name\":\"Red M\u00e1laga\",\"description\":\"Una sola empresa, todos tus proyectos\",\"potentialAction\":[{\"@type\":\"SearchAction\",\"target\":{\"@type\":\"EntryPoint\",\"urlTemplate\":\"https:\/\/redmalaga.com\/?s={search_term_string}\"},\"query-input\":{\"@type\":\"PropertyValueSpecification\",\"valueRequired\":true,\"valueName\":\"search_term_string\"}}],\"inLanguage\":\"en-GB\"}]}<\/script>\n<!-- \/ Yoast SEO plugin. -->","yoast_head_json":{"title":"Blog - Red M\u00e1laga","robots":{"index":"index","follow":"follow","max-snippet":"max-snippet:-1","max-image-preview":"max-image-preview:large","max-video-preview":"max-video-preview:-1"},"canonical":"https:\/\/www.redmalaga.com.dream.website\/en\/blog\/","og_locale":"en_GB","og_type":"article","og_title":"Blog - Red M\u00e1laga","og_description":"Red M\u00e1laga Blog","og_url":"https:\/\/www.redmalaga.com.dream.website\/en\/blog\/","og_site_name":"Red M\u00e1laga","article_modified_time":"2025-08-04T15:01:20+00:00","twitter_card":"summary_large_image","twitter_misc":{"Estimated reading time":"5 minutes"},"schema":{"@context":"https:\/\/schema.org","@graph":[{"@type":"WebPage","@id":"https:\/\/www.redmalaga.com.dream.website\/en\/blog\/","url":"https:\/\/www.redmalaga.com.dream.website\/en\/blog\/","name":"Blog - Red M\u00e1laga","isPartOf":{"@id":"https:\/\/redmalaga.com\/#website"},"datePublished":"2025-06-15T13:37:23+00:00","dateModified":"2025-08-04T15:01:20+00:00","breadcrumb":{"@id":"https:\/\/www.redmalaga.com.dream.website\/en\/blog\/#breadcrumb"},"inLanguage":"en-GB","potentialAction":[{"@type":"ReadAction","target":["https:\/\/www.redmalaga.com.dream.website\/en\/blog\/"]}]},{"@type":"BreadcrumbList","@id":"https:\/\/www.redmalaga.com.dream.website\/en\/blog\/#breadcrumb","itemListElement":[{"@type":"ListItem","position":1,"name":"Portada","item":"https:\/\/redmalaga.com\/"},{"@type":"ListItem","position":2,"name":"Blog"}]},{"@type":"WebSite","@id":"https:\/\/redmalaga.com\/#website","url":"https:\/\/redmalaga.com\/","name":"Red M\u00e1laga","description":"One company, all your projects","potentialAction":[{"@type":"SearchAction","target":{"@type":"EntryPoint","urlTemplate":"https:\/\/redmalaga.com\/?s={search_term_string}"},"query-input":{"@type":"PropertyValueSpecification","valueRequired":true,"valueName":"search_term_string"}}],"inLanguage":"en-GB"}]}},"_links":{"self":[{"href":"https:\/\/redmalaga.com\/en\/wp-json\/wp\/v2\/pages\/4247","targetHints":{"allow":["GET"]}}],"collection":[{"href":"https:\/\/redmalaga.com\/en\/wp-json\/wp\/v2\/pages"}],"about":[{"href":"https:\/\/redmalaga.com\/en\/wp-json\/wp\/v2\/types\/page"}],"author":[{"embeddable":true,"href":"https:\/\/redmalaga.com\/en\/wp-json\/wp\/v2\/users\/1"}],"replies":[{"embeddable":true,"href":"https:\/\/redmalaga.com\/en\/wp-json\/wp\/v2\/comments?post=4247"}],"version-history":[{"count":10,"href":"https:\/\/redmalaga.com\/en\/wp-json\/wp\/v2\/pages\/4247\/revisions"}],"predecessor-version":[{"id":4561,"href":"https:\/\/redmalaga.com\/en\/wp-json\/wp\/v2\/pages\/4247\/revisions\/4561"}],"wp:attachment":[{"href":"https:\/\/redmalaga.com\/en\/wp-json\/wp\/v2\/media?parent=4247"}],"curies":[{"name":"wp","href":"https:\/\/api.w.org\/{rel}","templated":true}]}}